{"id":17,"date":"2018-12-20T08:13:17","date_gmt":"2018-12-20T06:13:17","guid":{"rendered":"http:\/\/www.judith-von-radetzky.de\/jvr_blog\/?page_id=17"},"modified":"2025-12-28T09:51:55","modified_gmt":"2025-12-28T07:51:55","slug":"cv","status":"publish","type":"page","link":"https:\/\/www.judith-von-radetzky.de\/?page_id=17","title":{"rendered":"Impressum\/Datenschutz"},"content":{"rendered":"<p><strong>http:\/\/www.judith-von-radetzky.de<\/strong><\/p>\n<div>Herausgeberin: Judith von Radetzky<\/div>\n<p>c\/o AGENTUR CHRISTEL VONK<br class=\"\" \/>Derfflingerstr. 14<br class=\"\" \/>10785 Berlin<\/p>\n<div>Die Herausgeberin ist verantwortliche Redakteurin gem\u00e4\u00df \u00a7 10 Mediendienste Staatsvertag<\/div>\n<div>(MDStV); namentlich gezeichnete Beitr\u00e4ge und Kommentare spiegeln nicht unbedingt die Meinung der Redakteurin wider.Als Diensteanbieter bin ich gem\u00e4\u00df \u00a7 7 Abs.1 TMG f\u00fcr eigene Inhalte auf diesen Seiten nach den allgemeinen Gesetzen verantwortlich. Nach \u00a7\u00a7 8 bis 10 TMG bin ich als Diensteanbieter jedoch nicht verpflichtet, \u00fcbermittelte oder gespeicherte fremde Informationen zu \u00fcberwachen oder nach Umst\u00e4nden zu forschen, die auf eine rechtswidrige T\u00e4tigkeit hinweisen. Verpflichtungen zur Entfernung oder Sperrung der Nutzung von Informationen nach den allgemeinen Gesetzen bleiben hiervon unber\u00fchrt. Eine diesbez\u00fcgliche Haftung ist jedoch erst ab dem Zeitpunkt der Kenntnis einer konkreten Rechtsverletzung m\u00f6glich. Bei bekannt werden von entsprechenden Rechtsverletzungen werden wir diese Inhalte umgehend entfernen.<strong>Haftung f\u00fcr Links<\/strong><br \/>\nUnser Angebot enth\u00e4lt Links zu externen Webseiten Dritter, auf deren Inhalte wir keinen Einfluss haben. Deshalb k\u00f6nnen wir f\u00fcr diese fremden Inhalte auch keine Gew\u00e4hr \u00fcbernehmen. F\u00fcr die Inhalte der verlinkten Seiten ist stets der jeweilige Anbieter oder Betreiber der Seiten verantwortlich. Die verlinkten Seiten wurden zum Zeitpunkt der Verlinkung auf m\u00f6gliche Rechtsverst\u00f6\u00dfe \u00fcberpr\u00fcft. Rechtswidrige Inhalte waren zum Zeitpunkt der Verlinkung nicht erkennbar. Eine permanente inhaltliche Kontrolle der verlinkten Seiten ist jedoch ohne konkrete Anhaltspunkte einer Rechtsverletzung nicht zumutbar. Bei bekannt werden von Rechtsverletzungen werden wir derartige Links umgehend entfernen.<strong>Urheberrecht<\/strong><br \/>\nDie durch die Seitenbetreiber erstellten Inhalte und Werke auf diesen Seiten unterliegen dem deutschen Urheberrecht. Beitr\u00e4ge Dritter sind als solche gekennzeichnet. Die Vervielf\u00e4ltigung, Bearbeitung, Verbreitung und jede Art der Verwertung au\u00dferhalb der Grenzen des Urheberrechtes bed\u00fcrfen der schriftlichen Zustimmung des jeweiligen Autors bzw. Erstellers. Downloads und Kopien dieser Seite sind nur f\u00fcr den privaten, nicht kommerziellen Gebrauch gestattet.Die Betreiber der Seiten sind bem\u00fcht, stets die Urheberrechte anderer zu beachten bzw. auf selbst erstellte sowie lizenzfreie Werke zur\u00fcckzugreifen.<strong>Datenschutz<\/strong><br \/>\nSoweit auf unseren Seiten personenbezogene Daten (beispielsweise Name, Anschrift oder eMail-Adressen) erhoben werden, erfolgt dies soweit m\u00f6glich stets auf freiwilliger Basis. Die Nutzung der Angebote und Dienste ist, soweit m\u00f6glich, stets ohne Angabe personenbezogener Daten m\u00f6glich.Wir weisen darauf hin, dass die Daten\u00fcbertragung im Internet (z.B. bei der Kommunikation per E-Mail) Sicherheitsl\u00fccken aufweisen kann. Ein l\u00fcckenloser Schutz der Daten vor dem Zugriff durch Dritte ist nicht m\u00f6glich.Der Nutzung von im Rahmen der Impressumspflicht ver\u00f6ffentlichten Kontaktdaten durch Dritte zur \u00dcbersendung von nicht ausdr\u00fccklich angeforderter Werbung und Informationsmaterialien wird hiermit ausdr\u00fccklich widersprochen. Die Betreiber der Seiten behalten sich ausdr\u00fccklich rechtliche Schritte im Falle der unverlangten Zusendung von Werbeinformationen, etwa durch Spam-Mails, vor.Quelle: <a href=\"http:\/\/www.e-recht24.de\/\" target=\"_blank\" rel=\"noopener noreferrer\">Disclaimer<\/a> von eRecht24.de \u2013 <a href=\"http:\/\/www.e-recht24.de\/\" target=\"_blank\" rel=\"noopener noreferrer\">Rechtsberatung<\/a> von RA S\u00f6ren Siebert<\/div>\n<div><\/div>\n<div><strong>Aktuelle Datenschutzbestimmungen<\/strong><\/div>\n<div><strong>Erhebung und Speicherung personenbezogener Daten sowie Art und Zweck von<\/strong><\/div>\n<div><strong>deren Verwendung<\/strong><\/div>\n<div>1 a)<strong> Beim Besuch der Website<\/strong><\/div>\n<div>Beim Aufrufen der von mir betriebenen Website unter<\/div>\n<div>http:\/\/www.judith-von-radetzky.de<\/div>\n<div>werden durch den auf Ihrem Endger\u00e4t zum Einsatz kommenden Browser automatisch Informationen an den Server<\/div>\n<div>meiner Website gesendet. Diese Informationen werden tempor\u00e4r in einem sog. Logfile gespeichert. Folgende Informationen werden dabei ohne Ihr Zutun erfasst und bis zur automatisierten L\u00f6schung gespeichert:<\/div>\n<div>IP-Adresse des anfragenden Rechners,<\/div>\n<div>Datum und Uhrzeit des Zugriffs,<\/div>\n<div>Name und URL der abgerufenen Datei,<\/div>\n<div>Website, von der aus der Zugriff erfolgt (Referrer-URL),<\/div>\n<div>verwendeter Browser und ggf. das Betriebssystem Ihres Rechners sowie der Name<\/div>\n<div>Ihres Access-Providers.<\/div>\n<div>Die genannten Daten werden durch mich zu folgenden Zwecken verarbeitet:<\/div>\n<div>Gew\u00e4hrleistung eines reibungslosen Verbindungsaufbaus der Website,<\/div>\n<div>Gew\u00e4hrleistung einer komfortablen Nutzung unserer Website,<\/div>\n<div>Auswertung der Systemsicherheit und -stabilit\u00e4t sowie<\/div>\n<div>zu weiteren administrativen Zwecken.<\/div>\n<div>Die Rechtsgrundlage f\u00fcr die Datenverarbeitung ist Art. 6 Abs. 1 S. 1 lit. f DSGVO. Mein<\/div>\n<div>berechtigtes Interesse folgt aus oben aufgelisteten Zwecken zur Datenerhebung. In keinem<\/div>\n<div>Fall verwende ich die erhobenen Daten zu dem Zweck, R\u00fcckschl\u00fcsse auf Ihre Person zu<\/div>\n<div>ziehen.<\/div>\n<div>Dar\u00fcber hinaus setze ich beim Besuch meiner Website Cookies sowie Analysedienste ein.<\/div>\n<div>N\u00e4here Erl\u00e4uterungen dazu erhalten Sie unter den Ziff. 4 und 5 dieser<\/div>\n<div>Datenschutzerkl\u00e4rung.<\/div>\n<div>b) <strong>Bei Anmeldung f\u00fcr meinen Newsletter<\/strong><\/div>\n<div>Sofern Sie nach Art. 6 Abs. 1 S. 1 lit. a DSGVO ausdr\u00fccklich eingewilligt haben, verwenden<\/div>\n<div>wir Ihre E-Mail-Adresse daf\u00fcr, Ihnen regelm\u00e4\u00dfig meines Newsletter zu \u00fcbersenden. F\u00fcr den<\/div>\n<div>Empfang des Newsletters ist die Angabe einer E-Mail-Adresse ausreichend.<\/div>\n<div>Die Abmeldung ist jederzeit m\u00f6glich, zum Beispiel \u00fcber einen Link am Ende eines jeden<\/div>\n<div>Newsletters. Alternativ k\u00f6nnen Sie Ihren Abmeldewunsch gerne auch jederzeit an info@graphit-berlin.de<\/div>\n<div>per E-Mail senden.<\/div>\n<div><strong>c) Bei Nutzung meines Kontaktformulars<\/strong><\/div>\n<div>Bei Fragen jeglicher Art bietet Graphit Ihnen die M\u00f6glichkeit,\u00a0 \u00fcber ein auf der Website<\/div>\n<div>bereitgestelltes Formular mit uns\u00a0 Kontakt aufzunehmen. Dabei ist die Angabe einer g\u00fcltigen E-Mail-<\/div>\n<div>Adresse erforderlich, damit Graphit wei\u00df, von wem die Anfrage stammt und um diese beantworten zu k\u00f6nnen. Weitere Angaben k\u00f6nnen freiwillig get\u00e4tigt werden.<\/div>\n<div>Die Datenverarbeitung zum Zwecke der Kontaktaufnahme mit Graphit erfolgt nach Art. 6 Abs. 1<\/div>\n<div>S. 1 lit. a DSGVO auf Grundlage Ihrer freiwillig erteilten Einwilligung.<\/div>\n<div>Die f\u00fcr die Benutzung des Kontaktformulars von Graphit erhobenen personenbezogenen Daten<\/div>\n<div>werden nach Erledigung der von Ihnen gestellten Anfrage automatisch gel\u00f6scht.<\/div>\n<div><strong>2)<\/strong> <strong>Weitergabe von Daten<\/strong><\/div>\n<div>Eine \u00dcbermittlung Ihrer pers\u00f6nlichen Daten an Dritte zu anderen als den im Folgenden<\/div>\n<div>aufgef\u00fchrten Zwecken findet nicht statt.<\/div>\n<div><strong>Cookies<\/strong><\/div>\n<div>Graphit setzt auf seiner Seite Cookies ein. Hierbei handelt es sich um kleine Dateien, die Ihr<\/div>\n<div>Browser automatisch erstellt und die auf Ihrem Endger\u00e4t (Laptop, Tablet, Smartphone o.\u00e4.)<\/div>\n<div>gespeichert werden, wenn Sie die Seite besuchen. Cookies richten auf Ihrem Endger\u00e4t<\/div>\n<div>keinen Schaden an, enthalten keine Viren, Trojaner oder sonstige Schadsoftware.<\/div>\n<div>In dem Cookie werden Informationen abgelegt, die sich jeweils im Zusammenhang mit dem<\/div>\n<div>spezifisch eingesetzten Endger\u00e4t ergeben. Dies bedeutet jedoch nicht, dass wir dadurch<\/div>\n<div>unmittelbar Kenntnis von Ihrer Identit\u00e4t erhalten.<\/div>\n<div>Der Einsatz von Cookies dient einerseits dazu, die Nutzung meines Angebots f\u00fcr Sie<\/div>\n<div>angenehmer zu gestalten. So setze ich sogenannte Session-Cookies ein, um zu erkennen,<\/div>\n<div>dass Sie einzelne Seiten meiner Website bereits besucht haben. Diese werden nach<\/div>\n<div>Verlassen meiner Seite automatisch gel\u00f6scht.<\/div>\n<div>Dar\u00fcber hinaus setzt Graphit ebenfalls zur Optimierung der Benutzerfreundlichkeit tempor\u00e4re<\/div>\n<div>Cookies ein, die f\u00fcr einen bestimmten festgelegten Zeitraum auf Ihrem Endger\u00e4t gespeichert<\/div>\n<div>werden. Besuchen Sie meine Seite erneut, wird automatisch erkannt, dass Sie bereits bei<\/div>\n<div>mir waren und welche Eingaben und Einstellungen Sie get\u00e4tigt haben, um diese nicht noch<\/div>\n<div>einmal eingeben zu m\u00fcssen.<\/div>\n<div>Zum anderen setzte Graphit Cookies ein, um die Nutzung der Website statistisch zu erfassen<\/div>\n<div>und zum Zwecke der Optimierung des Angebotes f\u00fcr Sie auszuwerten (siehe Ziff. 5).<\/div>\n<div>Diese Cookies erm\u00f6glichen es mir, bei einem erneuten Besuch der Seite automatisch zu<\/div>\n<div>erkennen, dass Sie bereits bei Graphit waren. Diese Cookies werden nach einer jeweils<\/div>\n<div>definierten Zeit automatisch gel\u00f6scht.<\/div>\n<div class=\"canvasWrapper\"><\/div>\n<div>Die durch Cookies verarbeiteten Daten sind f\u00fcr die genannten Zwecke zur Wahrung unserer<\/div>\n<div>berechtigten Interessen sowie der Dritter nach Art. 6 Abs. 1 S. 1 lit. f DSGVO erforderlich.<\/div>\n<div>Die meisten Browser akzeptieren Cookies automatisch. Sie k\u00f6nnen Ihren Browser jedoch so<\/div>\n<div>konfigurieren, dass keine Cookies auf Ihrem Computer gespeichert werden oder stets ein<\/div>\n<div>Hinweis erscheint, bevor ein neuer Cookie angelegt wird. Die vollst\u00e4ndige Deaktivierung von<\/div>\n<div>Cookies kann jedoch dazu f\u00fchren, dass Sie nicht alle Funktionen meiner Website nutzen<\/div>\n<div>k\u00f6nnen.<\/div>\n<div><strong>3) Analyse-Tools<\/strong><\/div>\n<div>a) Tracking-Tools<\/div>\n<div>Die im Folgenden aufgef\u00fchrten und von uns eingesetzten Tracking-Ma\u00dfnahmen werden auf<\/div>\n<div>Grundlage des Art. 6 Abs. 1 S. 1 lit. f DSGVO durchgef\u00fchrt. Mit den zum Einsatz<\/div>\n<div>kommenden Tracking-Ma\u00dfnahmen will ich eine bedarfsgerechte Gestaltung und die<\/div>\n<div>fortlaufende Optimierung meiner Webseite sicherstellen. Zum anderen setze ich die<\/div>\n<div>Tracking-Ma\u00dfnahmen ein, um die Nutzung meiner Webseite statistisch zu erfassen und zum<\/div>\n<div>Zwecke der Optimierung meines Angebotes f\u00fcr Sie auszuwerten. Diese Interessen sind als<\/div>\n<div>berechtigt im Sinne der vorgenannten Vorschrift anzusehen.<\/div>\n<div>Die jeweiligen Datenverarbeitungszwecke und Datenkategorien sind aus den<\/div>\n<div>entsprechenden Tracking-Tools zu entnehmen.<\/div>\n<div><strong>\u00a0Google Analytics<\/strong><\/div>\n<div>Zum Zwecke der bedarfsgerechten Gestaltung und fortlaufenden Optimierung meiner Seiten<\/div>\n<div>nutze ich Google Analytics, ein Webanalysedienst der<\/div>\n<div>Google Inc (<a href=\"https:\/\/www.google.de\/intl\/de\/about\/\" rel=\"nofollow\">https:\/\/www.google.de\/intl\/de\/about\/<\/a>)<\/div>\n<div>(1600 Amphitheatre Parkway, Mountain View, CA<\/div>\n<div>94043, USA; im Folgenden \u201eGoogle\u201c). In diesem Zusammenhang werden pseudonymisierte<\/div>\n<div>Nutzungsprofile erstellt und Cookies (siehe unter Ziff. 4) verwendet. Die durch den Cookie<\/div>\n<div>erzeugten Informationen \u00fcber Ihre Benutzung dieser Website wie<\/div>\n<div>Browser-Typ\/-Version,<\/div>\n<div>verwendetes Betriebssystem,<\/div>\n<div>Referrer-URL (die zuvor besuchte Seite),<\/div>\n<div>Hostname des zugreifenden Rechners (IP-Adresse),<\/div>\n<div>Uhrzeit der Serveranfrage,<\/div>\n<div>werden an einen Server von Google in den USA \u00fcbertragen und dort gespeichert. Die<\/div>\n<div>Informationen werden verwendet, um die Nutzung der Website auszuwerten, um Reports<\/div>\n<div>\u00fcber die Websiteaktivit\u00e4ten zusammenzustellen und um weitere mit der Websitenutzung und<\/div>\n<div>der Internetnutzung verbundene Dienstleistungen zu Zwecken der Marktforschung und<\/div>\n<div>bedarfsgerechten Gestaltung dieser Internetseiten zu erbringen. Auch werden diese<\/div>\n<div>Informationen gegebenenfalls an Dritte \u00fcbertragen, sofern dies gesetzlich vorgeschrieben ist<\/div>\n<div>oder soweit Dritte diese Daten im Auftrag verarbeiten. Es wird in keinem Fall Ihre IP-Adresse<\/div>\n<div>mit anderen Daten von Google zusammengef\u00fchrt. Die IP-Adressen werden anonymisiert, so<\/div>\n<div>dass eine Zuordnung nicht m\u00f6glich ist (IP-Masking).<\/div>\n<div>Sie k\u00f6nnen die Installation der Cookies durch eine entsprechende Einstellung der Browser-<\/div>\n<div>Software verhindern; wir weisen jedoch darauf hin, dass in diesem Fall gegebenenfalls nicht<\/div>\n<div>s\u00e4mtliche Funktionen dieser Website vollumf\u00e4nglich genutzt werden k\u00f6nnen.<\/div>\n<div>Sie k\u00f6nnen dar\u00fcber hinaus die Erfassung der durch das Cookie erzeugten und auf Ihre<\/div>\n<div>Nutzung der Website bezogenen Daten (inkl. Ihrer IP-Adresse) sowie die Verarbeitung<\/div>\n<div>dieser Daten durch Google verhindern, indem Sie ein<\/div>\n<div>Browser-Add-on herunterladen und<\/div>\n<div>installieren<\/div>\n<div>(<a href=\"https:\/\/tools.google.com\/dlpage\/gaoptout?hl=de\" rel=\"nofollow\">https:\/\/tools.google.com\/dlpage\/gaoptout?hl=de<\/a>)<\/div>\n<div>.<\/div>\n<div class=\"canvasWrapper\"><\/div>\n<div>Alternativ zum Browser-Add-on, insbesondere bei Browsern auf mobilen Endger\u00e4ten,<\/div>\n<div>k\u00f6nnen Sie die Erfassung durch Google Analytics zudem verhindern, indem Sie auf diesen<\/div>\n<div>Link<\/div>\n<div>klicken. Es wird ein Opt-out-Cookie gesetzt, das die zuk\u00fcnftige Erfassung Ihrer Daten<\/div>\n<div>beim Besuch dieser Website verhindert. Der Opt-out-Cookie gilt nur in diesem Browser und<\/div>\n<div>nur f\u00fcr meine Website und wird auf Ihrem Ger\u00e4t abgelegt. L\u00f6schen Sie die Cookies in<\/div>\n<div>diesem Browser, m\u00fcssen Sie das Opt-out-Cookie erneut setzen.<\/div>\n<div>Weitere Informationen zum Datenschutz im Zusammenhang mit Google Analytics finden Sie<\/div>\n<div>etwa in der Google Analytics-Hilfe<\/div>\n<div>(<a href=\"https:\/\/support.google.com\/analytics\/answer\/6004245?hl=de\" rel=\"nofollow\">https:\/\/support.google.com\/analytics\/answer\/6004245?hl=de<\/a>)<\/div>\n<div>.<\/div>\n<div><strong>4) Google Adwords Conversion Tracking<\/strong><\/div>\n<div>Um die Nutzung meiner Webseite statistisch zu erfassen und zum Zwecke der Optimierung<\/div>\n<div>meiner Website f\u00fcr Sie auszuwerten, nutzen wir ferner das Google Conversion Tracking.<\/div>\n<div>Dabei wird von Google Adwords ein Cookie (siehe Ziffer 4) auf Ihrem Rechner gesetzt,<\/div>\n<div>sofern Sie \u00fcber eine Google-Anzeige auf unsere Webseite gelangt sind.<\/div>\n<div>Diese Cookies verlieren nach 30 Tagen ihre G\u00fcltigkeit und dienen nicht der pers\u00f6nlichen<\/div>\n<div>Identifizierung. Besucht der Nutzer bestimmte Seiten der Webseite des Adwords-Kunden<\/div>\n<div>und das Cookie ist noch nicht abgelaufen, k\u00f6nnen Google und der Kunde erkennen, dass<\/div>\n<div>der Nutzer auf die Anzeige geklickt hat und zu dieser Seite weitergeleitet wurde.<\/div>\n<div>Jeder Adwords-Kunde erh\u00e4lt ein anderes Cookie. Cookies k\u00f6nnen somit nicht \u00fcber die<\/div>\n<div>Webseiten von Adwords-Kunden nachverfolgt werden. Die mithilfe des Conversion-Cookies<\/div>\n<div>eingeholten Informationen dienen dazu, Conversion-Statistiken f\u00fcr Adwords-Kunden zu<\/div>\n<div>erstellen, die sich f\u00fcr Conversion-Tracking entschieden haben. Die Adwords-Kunden<\/div>\n<div>erfahren die Gesamtanzahl der Nutzer, die auf ihre Anzeige geklickt haben und zu einer mit<\/div>\n<div>einem Conversion-Tracking-Tag versehenen Seite weitergeleitet wurden. Sie erhalten jedoch<\/div>\n<div>keine Informationen, mit denen sich Nutzer pers\u00f6nlich identifizieren lassen.<\/div>\n<div>Wenn Sie nicht an dem Tracking-Verfahren teilnehmen m\u00f6chten, k\u00f6nnen Sie auch das<\/div>\n<div>hierf\u00fcr erforderliche Setzen eines Cookies ablehnen \u2013 etwa per Browser-Einstellung, die das<\/div>\n<div>automatische Setzen von Cookies generell deaktiviert. \u00a0 Googles Datenschutzbelehrung zum<\/div>\n<div>Conversion-Tracking finden Sie<\/div>\n<div>hier<\/div>\n<div>(<a href=\"https:\/\/services.google.com\/sitestats\/de.html\" rel=\"nofollow\">https:\/\/services.google.com\/sitestats\/de.html<\/a>)<\/div>\n<div>.<\/div>\n<div>Matomo<\/div>\n<div>Wir verwenden die Open-Source-Software Matomo zur Analyse und statistischen<\/div>\n<div>Auswertung der Nutzung der Website. Hierzu werden Cookies eingesetzt (siehe Ziffer 4). Die<\/div>\n<div>durch den Cookie erzeugten Informationen \u00fcber die Websitenutzung werden an meinen<\/div>\n<div>Server \u00fcbertragen und in pseudonymen Nutzungsprofilen zusammengefasst. Die<\/div>\n<div>Informationen werden verwendet, um die Nutzung der Website auszuwerten und um eine<\/div>\n<div>bedarfsgerechte Gestaltung unserer Website zu erm\u00f6glichen. Eine Weitergabe der<\/div>\n<div>Informationen an Dritte erfolgt nicht.<\/div>\n<div>Es wird in keinem Fall die IP-Adresse mit anderen den Nutzer betreffenden Daten in<\/div>\n<div>Verbindung gebracht. Die IP-Adressen werden anonymisiert, so dass eine Zuordnung nicht<\/div>\n<div>m\u00f6glich ist (IP-Masking).<\/div>\n<div>Ihr Besuch dieser Webseite wird aktuell von der Matomo Webanalyse erfasst. Klicken Sie<\/div>\n<div>hier (<a href=\"https:\/\/matamo.org\/docs\/privacy\/\" rel=\"nofollow\">https:\/\/matamo.org\/docs\/privacy\/<\/a>), damit Ihr Besuch nicht mehr erfasst wird.<\/div>\n<div><strong>5) Social Media Plug-ins<\/strong><\/div>\n<div>Ich setze auf meiner Website auf Grundlage des Art. 6 Abs. 1 S. 1 lit. f DSGVO Social Plug-<\/div>\n<div>ins der sozialen Netzwerke Facebook, Twitter und Instagram ein, um meine Seite hier\u00fcber<\/div>\n<div>bekannter zu machen. Der dahinterstehende werbliche Zweck ist als berechtigtes Interesse<\/div>\n<div>im Sinne der DSGVO anzusehen. Die Verantwortung f\u00fcr den datenschutzkonformen Betrieb<\/div>\n<div>ist durch deren jeweiligen Anbieter zu gew\u00e4hrleisten. Die Einbindung dieser Plug-ins durch<\/div>\n<div>mich erfolgt im Wege der sogenannten Zwei-Klick-Methode um Besucher meiner Webseite<\/div>\n<div>bestm\u00f6glich zu sch\u00fctzen.<\/div>\n<div><strong>Facebook<\/strong><\/div>\n<div>Auf meiner Website kommen Social-Media Plugins von Facebook zum Einsatz, um deren<\/div>\n<div>Nutzung pers\u00f6nlicher zu gestalten. Hierf\u00fcr nutze ich den \u201eLIKE\u201c oder \u201eTEILEN\u201c-Button. Es<\/div>\n<div>handelt sich dabei um ein Angebot von Facebook.<\/div>\n<div>Wenn Sie eine Seite meines Webauftritts aufrufen, die ein solches Plugin enth\u00e4lt, baut Ihr<\/div>\n<div>Browser eine direkte Verbindung mit den Servern von Facebook auf. Der Inhalt des Plugins<\/div>\n<div>wird von Facebook direkt an Ihren Browser \u00fcbermittelt und von diesem in die Webseite<\/div>\n<div>eingebunden.<\/div>\n<div>Durch die Einbindung der Plugins erh\u00e4lt Facebook die Information, dass Ihr Browser die<\/div>\n<div>entsprechende Seite meines Webauftritts aufgerufen hat, auch wenn Sie kein Facebook-<\/div>\n<div>Konto besitzen oder gerade nicht bei Facebook eingeloggt sind. Diese Information<\/div>\n<div>(einschlie\u00dflich Ihrer IP-Adresse) wird von Ihrem Browser direkt an einen Server von<\/div>\n<div>Facebook in den USA \u00fcbermittelt und dort gespeichert.<\/div>\n<div>Sind Sie bei Facebook eingeloggt, kann Facebook den Besuch meiner Website Ihrem<\/div>\n<div>Facebook-Konto direkt zuordnen. Wenn Sie mit den Plugins interagieren, zum Beispiel den<\/div>\n<div>\u201eLIKE\u201c oder \u201eTEILEN\u201c-Button bet\u00e4tigen, wird die entsprechende Information ebenfalls direkt<\/div>\n<div>an einen Server von Facebook \u00fcbermittelt und dort gespeichert. Die Informationen werden<\/div>\n<div>zudem auf Facebook ver\u00f6ffentlicht und Ihren Facebook-Freunden angezeigt.<\/div>\n<div>Facebook kann diese Informationen zum Zwecke der Werbung, Marktforschung und<\/div>\n<div>bedarfsgerechten Gestaltung der Facebook-Seiten benutzen. Hierzu werden von Facebook<\/div>\n<div>Nutzungs-, Interessen- und Beziehungsprofile erstellt, z. B. um Ihre Nutzung meiner Website<\/div>\n<div>im Hinblick auf die Ihnen bei Facebook eingeblendeten Werbeanzeigen auszuwerten, andere<\/div>\n<div>Facebook-Nutzer \u00fcber Ihre Aktivit\u00e4ten auf meiner Website zu informieren und um weitere mit<\/div>\n<div>der Nutzung von Facebook verbundene Dienstleistungen zu erbringen.<\/div>\n<div>Wenn Sie nicht m\u00f6chten, dass Facebook die \u00fcber meinen Webauftritt gesammelten Daten<\/div>\n<div>Ihrem Facebook-Konto zuordnet, m\u00fcssen Sie sich vor Ihrem Besuch unserer Website bei<\/div>\n<div>Facebook ausloggen.<\/div>\n<div>Zweck und Umfang der Datenerhebung und die weitere Verarbeitung und Nutzung der Daten<\/div>\n<div>durch Facebook sowie Ihre diesbez\u00fcglichen Rechte und Einstellungsm\u00f6glichkeiten zum<\/div>\n<div>Schutz Ihrer Privatsph\u00e4re entnehmen Sie bitte den<\/div>\n<div>Datenschutzhinweisen<\/div>\n<div>(<a href=\"https:\/\/www.facebook.com\/about\/privacy\/\" rel=\"nofollow\">https:\/\/www.facebook.com\/about\/privacy\/<\/a>)\u00a0 von Facebook.<\/div>\n<p>6) Betroffenenrechte<\/p>\n<div>Sie haben das Recht: gem\u00e4\u00df Art. 15 DSGVO Auskunft \u00fcber Ihre von mir verarbeiteten personenbezogenen<\/div>\n<div>Daten zu verlangen. Gem\u00e4\u00df Art. 7 Abs. 3 DSGVO Ihre einmal erteilte Einwilligung jederzeit gegen\u00fcber mir<\/div>\n<div>zu widerrufen. Dies hat zur Folge, dass ich die Datenverarbeitung, die auf die<\/div>\n<div>Einwilligung beruht, f\u00fcr die Zukunft nicht mehr fortf\u00fchren darf und<\/div>\n<div>gem\u00e4\u00df Art. 77 DSGVO sich bei einer Aufsichtsbeh\u00f6rde zu beschweren. In der Regel<\/div>\n<div>k\u00f6nnen Sie sich hierf\u00fcr an die Aufsichtsbeh\u00f6rde Ihres \u00fcblichen Aufenthaltsortes<\/div>\n<div>wenden.<\/div>\n<div>7) <strong>Widerspruchsrecht<\/strong><\/div>\n<div>Sofern Ihre personenbezogenen Daten auf Grundlage von berechtigten Interessen gem\u00e4\u00df<\/div>\n<div>Art. 6 Abs. 1 S. 1 lit. f DSGVO verarbeitet werden, haben Sie das Recht, gem\u00e4\u00df Art. 21<\/div>\n<div>DSGVO Widerspruch gegen die Verarbeitung Ihrer personenbezogenen Daten einzulegen,<\/div>\n<div>soweit daf\u00fcr Gr\u00fcnde vorliegen, die sich aus Ihrer besonderen Situation ergeben oder sich<\/div>\n<div>der Widerspruch gegen Direktwerbung richtet. Im letzteren Fall haben Sie ein generelles<\/div>\n<div>Widerspruchsrecht, das ohne Angabe einer besonderen Situation von mir umgesetzt wird.<\/div>\n<div>M\u00f6chten Sie von Ihrem Widerrufs- oder Widerspruchsrecht Gebrauch machen, gen\u00fcgt eine<\/div>\n<div>E-Mail an<\/div>\n<div>info@graphit-berlin.de<\/div>\n<div>8. <strong>Datensicherheit<\/strong><\/div>\n<div>Ich verwende innerhalb des Website-Besuchs das verbreitete SSL-Verfahren (Secure Socket<\/div>\n<div>Layer) in Verbindung mit der jeweils h\u00f6chsten Verschl\u00fcsselungsstufe, die von Ihrem Browser<\/div>\n<div>unterst\u00fctzt wird. In der Regel handelt es sich dabei um eine 256 Bit Verschl\u00fcsselung. Falls<\/div>\n<div>Ihr Browser keine 256-Bit Verschl\u00fcsselung unterst\u00fctzt, greife ich stattdessen auf 128-Bit v3<\/div>\n<div>Technologie zur\u00fcck. Ob eine einzelne Seite meines Internetauftrittes verschl\u00fcsselt<\/div>\n<div>\u00fcbertragen wird, erkennen Sie an der geschlossenen Darstellung des Sch\u00fcssel-<\/div>\n<div>beziehungsweise Schloss-Symbols in der unteren Statusleiste Ihres Browsers.<\/div>\n<div>Ich bediene mich im \u00dcbrigen geeigneter technischer und organisatorischer<\/div>\n<div>Sicherheitsma\u00dfnahmen, um Ihre Daten gegen zuf\u00e4llige oder vors\u00e4tzliche Manipulationen,<\/div>\n<div>teilweisen oder vollst\u00e4ndigen Verlust, Zerst\u00f6rung oder gegen den unbefugten Zugriff Dritter<\/div>\n<div>zu sch\u00fctzen. Meine Sicherheitsma\u00dfnahmen werden entsprechend der technologischen<\/div>\n<div>Entwicklung fortlaufend verbessert.<\/div>\n<div>9. <strong>Aktualit\u00e4t und \u00c4nderung dieser Datenschutzerkl\u00e4rung<\/strong><\/div>\n<div>Diese Datenschutzerkl\u00e4rung ist aktuell g\u00fcltig und hat den Stand Mai 2018.<\/div>\n<div>Durch die Weiterentwicklung meiner Website und Angebote dar\u00fcber oder aufgrund<\/div>\n<div>ge\u00e4nderter gesetzlicher beziehungsweise beh\u00f6rdlicher Vorgaben kann es notwendig<\/div>\n<div>werden, diese Datenschutzerkl\u00e4rung zu \u00e4ndern. Die jeweils aktuelle Datenschutzerkl\u00e4rung<\/div>\n<div>kann jederzeit auf der Website unter<\/div>\n<div>http:\/\/www.judith-von-radetzky.de von Ihnen abgerufen und ausgedruckt werden.<\/div>\n","protected":false},"excerpt":{"rendered":"<p>http:\/\/www.judith-von-radetzky.de Herausgeberin: Judith von Radetzky c\/o AGENTUR CHRISTEL VONKDerfflingerstr. 1410785 Berlin Die Herausgeberin ist verantwortliche Redakteurin gem\u00e4\u00df \u00a7 10 Mediendienste Staatsvertag (MDStV); namentlich gezeichnete Beitr\u00e4ge und Kommentare spiegeln nicht unbedingt die Meinung der Redakteurin wider.Als Diensteanbieter bin ich gem\u00e4\u00df \u00a7 7 Abs.1 TMG f\u00fcr eigene Inhalte auf diesen Seiten nach den allgemeinen Gesetzen verantwortlich. Nach [&hellip;]<\/p>\n","protected":false},"author":2,"featured_media":0,"parent":0,"menu_order":7,"comment_status":"closed","ping_status":"open","template":"","meta":{"advanced_seo_description":"","jetpack_seo_html_title":"","jetpack_seo_noindex":false,"jetpack_post_was_ever_published":false,"footnotes":""},"jetpack_sharing_enabled":true,"jetpack_shortlink":"https:\/\/wp.me\/P8KRgB-h","jetpack-related-posts":[],"_links":{"self":[{"href":"https:\/\/www.judith-von-radetzky.de\/index.php?rest_route=\/wp\/v2\/pages\/17"}],"collection":[{"href":"https:\/\/www.judith-von-radetzky.de\/index.php?rest_route=\/wp\/v2\/pages"}],"about":[{"href":"https:\/\/www.judith-von-radetzky.de\/index.php?rest_route=\/wp\/v2\/types\/page"}],"author":[{"embeddable":true,"href":"https:\/\/www.judith-von-radetzky.de\/index.php?rest_route=\/wp\/v2\/users\/2"}],"replies":[{"embeddable":true,"href":"https:\/\/www.judith-von-radetzky.de\/index.php?rest_route=%2Fwp%2Fv2%2Fcomments&post=17"}],"version-history":[{"count":6,"href":"https:\/\/www.judith-von-radetzky.de\/index.php?rest_route=\/wp\/v2\/pages\/17\/revisions"}],"predecessor-version":[{"id":1592,"href":"https:\/\/www.judith-von-radetzky.de\/index.php?rest_route=\/wp\/v2\/pages\/17\/revisions\/1592"}],"wp:attachment":[{"href":"https:\/\/www.judith-von-radetzky.de\/index.php?rest_route=%2Fwp%2Fv2%2Fmedia&parent=17"}],"curies":[{"name":"wp","href":"https:\/\/api.w.org\/{rel}","templated":true}]}}