{"id":1508,"date":"2024-01-31T15:04:58","date_gmt":"2024-01-31T13:04:58","guid":{"rendered":"https:\/\/www.judith-von-radetzky.de\/?page_id=1508"},"modified":"2025-12-19T21:13:44","modified_gmt":"2025-12-19T19:13:44","slug":"sprecherin","status":"publish","type":"page","link":"https:\/\/www.judith-von-radetzky.de\/?page_id=1508","title":{"rendered":"Sprecherin"},"content":{"rendered":"\n<figure class=\"wp-block-image size-large is-resized\"><a href=\"https:\/\/i0.wp.com\/www.judith-von-radetzky.de\/wp-content\/uploads\/2024\/01\/2333a-scaled.jpg?ssl=1\"><img data-recalc-dims=\"1\" loading=\"lazy\" decoding=\"async\" width=\"625\" height=\"417\" data-attachment-id=\"1525\" data-permalink=\"https:\/\/www.judith-von-radetzky.de\/?attachment_id=1525\" data-orig-file=\"https:\/\/i0.wp.com\/www.judith-von-radetzky.de\/wp-content\/uploads\/2024\/01\/2333a-scaled.jpg?fit=2560%2C1707&amp;ssl=1\" data-orig-size=\"2560,1707\" data-comments-opened=\"0\" data-image-meta=\"{&quot;aperture&quot;:&quot;4&quot;,&quot;credit&quot;:&quot;\\u00a9 Jeanne Degraa&quot;,&quot;camera&quot;:&quot;NIKON D850&quot;,&quot;caption&quot;:&quot;&quot;,&quot;created_timestamp&quot;:&quot;1689172600&quot;,&quot;copyright&quot;:&quot;\\u00a9 Jeanne Degraa&quot;,&quot;focal_length&quot;:&quot;78&quot;,&quot;iso&quot;:&quot;160&quot;,&quot;shutter_speed&quot;:&quot;0.003125&quot;,&quot;title&quot;:&quot;&quot;,&quot;orientation&quot;:&quot;1&quot;}\" data-image-title=\"2333a\" data-image-description=\"\" data-image-caption=\"\" data-medium-file=\"https:\/\/i0.wp.com\/www.judith-von-radetzky.de\/wp-content\/uploads\/2024\/01\/2333a-scaled.jpg?fit=300%2C200&amp;ssl=1\" data-large-file=\"https:\/\/i0.wp.com\/www.judith-von-radetzky.de\/wp-content\/uploads\/2024\/01\/2333a-scaled.jpg?fit=625%2C417&amp;ssl=1\" src=\"https:\/\/i0.wp.com\/www.judith-von-radetzky.de\/wp-content\/uploads\/2024\/01\/2333a.jpg?resize=625%2C417&#038;ssl=1\" alt=\"\" class=\"wp-image-1525\" style=\"width:588px;height:391px\" srcset=\"https:\/\/i0.wp.com\/www.judith-von-radetzky.de\/wp-content\/uploads\/2024\/01\/2333a-scaled.jpg?resize=1024%2C683&amp;ssl=1 1024w, https:\/\/i0.wp.com\/www.judith-von-radetzky.de\/wp-content\/uploads\/2024\/01\/2333a-scaled.jpg?resize=300%2C200&amp;ssl=1 300w, https:\/\/i0.wp.com\/www.judith-von-radetzky.de\/wp-content\/uploads\/2024\/01\/2333a-scaled.jpg?resize=768%2C512&amp;ssl=1 768w, https:\/\/i0.wp.com\/www.judith-von-radetzky.de\/wp-content\/uploads\/2024\/01\/2333a-scaled.jpg?resize=1536%2C1024&amp;ssl=1 1536w, https:\/\/i0.wp.com\/www.judith-von-radetzky.de\/wp-content\/uploads\/2024\/01\/2333a-scaled.jpg?resize=2048%2C1366&amp;ssl=1 2048w, https:\/\/i0.wp.com\/www.judith-von-radetzky.de\/wp-content\/uploads\/2024\/01\/2333a-scaled.jpg?resize=624%2C416&amp;ssl=1 624w, https:\/\/i0.wp.com\/www.judith-von-radetzky.de\/wp-content\/uploads\/2024\/01\/2333a-scaled.jpg?w=1250&amp;ssl=1 1250w, https:\/\/i0.wp.com\/www.judith-von-radetzky.de\/wp-content\/uploads\/2024\/01\/2333a-scaled.jpg?w=1875&amp;ssl=1 1875w\" sizes=\"(max-width: 625px) 100vw, 625px\" \/><\/a><\/figure>\n\n\n\n<p><strong><mark style=\"background-color:rgba(0, 0, 0, 0);color:#c14822\" class=\"has-inline-color\">Voice Over<\/mark><\/strong>  <\/p>\n\n\n\n<p><strong>Beispiele<\/strong> <\/p>\n\n\n\n<p> Interview Precht mit Jane Goddall\/ZDF 2023<\/p>\n\n\n\n<figure class=\"wp-block-audio\"><audio controls src=\"https:\/\/www.judith-von-radetzky.de\/wp-content\/uploads\/2024\/01\/PRECHT-Das-Herrentier.mp3\"><\/audio><\/figure>\n\n\n\n<p><\/p>\n\n\n\n<p>The Bibi Files, Sarah Netanjahu\/ARD 2025<\/p>\n\n\n\n<figure class=\"wp-block-audio\"><audio controls src=\"https:\/\/www.judith-von-radetzky.de\/wp-content\/uploads\/2025\/08\/Judith-von-Radetzky-The-Bibi-Files.mp3\"><\/audio><\/figure>\n\n\n\n<p><\/p>\n\n\n\n<p>Leningrader Stimmen &#8211; aus einer belagerten Stadt\/arte 2023<\/p>\n\n\n\n<figure class=\"wp-block-audio\"><audio controls src=\"https:\/\/www.judith-von-radetzky.de\/wp-content\/uploads\/2025\/08\/Judith-von-Radetzky-Leningrad.mp3\"><\/audio><\/figure>\n\n\n\n<p><strong>weitere Beispiele<\/strong> voice overs  unter<\/p>\n\n\n\n<p><a href=\"https:\/\/www.filmmakers.eu\/de\/actors\/judith-von-radetzky\/video\/102041\">https:\/\/www.filmmakers.eu\/de\/actors\/judith-von-radetzky\/video\/102041<\/a><\/p>\n\n\n\n<p><strong>Sprechrollen (Serien)<\/strong><\/p>\n\n\n\n<p>Als <em>Eleanor Williams<\/em> Stimme von Edie Falco in &#8222;The Mother&#8220; (2023) als <em>Conchita<\/em> Stimme von Teresa Ibanez in &#8222;20.000 Arten von Bienen&#8220; (2023), als <em>Helen<\/em> Stimme von Sally Jackson in &#8222;Eine Liebe zum Abtauchen&#8220; (2022), <em>Mrs Mueller<\/em> Stimme von Julie Forsyth in &#8222;The power of the dog&#8220; (2021), <em>Mrs Banerjee<\/em> Stimme von Yolande Bavan in &#8222;Hubie Halloween&#8220; uvm.<\/p>\n\n\n\n<p>Archie, die Cary Grant Story, Gro\u00dfmutter von Cary, Reihe 2025<\/p>\n\n\n\n<figure class=\"wp-block-video\"><video controls src=\"https:\/\/www.judith-von-radetzky.de\/wp-content\/uploads\/2025\/12\/Cary-Grant-Storyx.mp4\"><\/video><\/figure>\n\n\n\n<p> Maxima, Rolle K\u00f6nigin Beatrix, Serie 2024<\/p>\n\n\n\n<figure class=\"wp-block-video\"><video controls src=\"https:\/\/www.judith-von-radetzky.de\/wp-content\/uploads\/2025\/08\/Judith-von-Radetzky-Maxima-Entscheidungen.mp4\"><\/video><\/figure>\n\n\n\n<p><strong>weitere Beispiele<\/strong><\/p>\n\n\n\n<p>Als <em>Merle<\/em> Stimme von Deborah Kennedy in &#8222;Die verlorenen Blumen der Alice Hart (2023), als <em>Millie Mayfair<\/em> Stimme von Geraldine Singer in Mayfair Witches (2023), als <em>Solange Burn<\/em> Stimme vonAnne Benoit in The French Mans (2022), als <em>Pillar Marquez <\/em>Stimme von Amaru Saizar in &#8222;Wenn ich das gewu\u00dft h\u00e4tte&#8220; (2022), als <em>Marlene<\/em> Stimme von Frida Takts in &#8222;Genauso &#8230;aber anders&#8220; (2022-2023), als <em>Rose<\/em> Stimme von Letitia Huijara in &#8222;Abgeschoben&#8220; (2022), als <em>Marika<\/em> Stimme von Demut Boch Benli in Mitternacht im Pera Palace(2022), K\u00f6nigin Beatrix in der Serie Maxima. Linda (Kims mother) in THOSE WHO KILL S4 \/\/ SERIE.<\/p>\n\n\n\n<p>weitere Beispiele sind zu finden unter <a href=\"https:\/\/www.synchronkartei.de\/person\/yGjKnNOBb\/sprecher\" data-type=\"URL\" data-id=\"https:\/\/www.synchronkartei.de\/person\/yGjKnNOBb\/sprecher\">https:\/\/www.synchronkartei.de\/person\/yGjKnNOBb\/sprecher<\/a><\/p>\n\n\n\n<p><strong>H\u00f6rspiel<\/strong><\/p>\n\n\n\n<p><strong> <\/strong>Beispiel &#8222;Ab nach Paris&#8220; f\u00fcr Kinder\/WDR<\/p>\n\n\n\n<figure class=\"wp-block-audio\"><audio controls src=\"https:\/\/www.judith-von-radetzky.de\/wp-content\/uploads\/2024\/01\/2-ab_nach_paris__hans_helge_ott___bernd_giesekind_2018_720p_1_.mp3\"><\/audio><\/figure>\n\n\n\n<p>weitere Beitr\u00e4ge und Beispiele wie Gedichte Rainer Maria Rilke, Meditationsbegleitung f\u00fcr Internetauftritt Ildiko, Beispiel E-learning und Erkl\u00e4rfilm finden sich auf<\/p>\n\n\n\n<p> <a href=\"https:\/\/www.stimmgerecht.de\/sprecher\/3158\/Judith-von-Radetzky.html\">https:\/\/www.stimmgerecht.de\/sprecher\/3158\/Judith-von-Radetzky.html<\/a><\/p>\n\n\n\n<p><strong>Werbung<\/strong> Beispiel<\/p>\n\n\n\n<p>mobile.de\/ \u00c4ltere Dame:<\/p>\n\n\n\n<figure class=\"wp-block-embed is-type-video is-provider-youtube wp-block-embed-youtube wp-embed-aspect-16-9 wp-has-aspect-ratio\"><div class=\"wp-block-embed__wrapper\">\n<iframe loading=\"lazy\" title=\"Autos einfach online kaufen und liefern lassen? - Denk mobile.de\" width=\"625\" height=\"352\" src=\"https:\/\/www.youtube.com\/embed\/anubw2bHHLs?feature=oembed\" frameborder=\"0\" allow=\"accelerometer; autoplay; clipboard-write; encrypted-media; gyroscope; picture-in-picture; web-share\" referrerpolicy=\"strict-origin-when-cross-origin\" allowfullscreen><\/iframe>\n<\/div><\/figure>\n\n\n\n<p>Judith ist buchbar \u00fcber Synchronstar.de, Agentur Stimmgerecht, oder \u00fcber diese Seite hier unter radetzky-berlin@t-online.de<\/p>\n\n\n\n<p><em>Foto Jeanne Degraa<\/em><\/p>\n\n\n\n<p><\/p>\n\n\n\n\n\n\n\n\n","protected":false},"excerpt":{"rendered":"<p>Voice Over Beispiele Interview Precht mit Jane Goddall\/ZDF 2023 The Bibi Files, Sarah Netanjahu\/ARD 2025 Leningrader Stimmen &#8211; aus einer belagerten Stadt\/arte 2023 weitere Beispiele voice overs unter https:\/\/www.filmmakers.eu\/de\/actors\/judith-von-radetzky\/video\/102041 Sprechrollen (Serien) Als Eleanor Williams Stimme von Edie Falco in &#8222;The Mother&#8220; (2023) als Conchita Stimme von Teresa Ibanez in &#8222;20.000 Arten von Bienen&#8220; (2023), als [&hellip;]<\/p>\n","protected":false},"author":2,"featured_media":0,"parent":0,"menu_order":0,"comment_status":"closed","ping_status":"closed","template":"","meta":{"advanced_seo_description":"","jetpack_seo_html_title":"","jetpack_seo_noindex":false,"jetpack_post_was_ever_published":false,"footnotes":""},"jetpack_sharing_enabled":true,"jetpack_shortlink":"https:\/\/wp.me\/P8KRgB-ok","jetpack-related-posts":[],"_links":{"self":[{"href":"https:\/\/www.judith-von-radetzky.de\/index.php?rest_route=\/wp\/v2\/pages\/1508"}],"collection":[{"href":"https:\/\/www.judith-von-radetzky.de\/index.php?rest_route=\/wp\/v2\/pages"}],"about":[{"href":"https:\/\/www.judith-von-radetzky.de\/index.php?rest_route=\/wp\/v2\/types\/page"}],"author":[{"embeddable":true,"href":"https:\/\/www.judith-von-radetzky.de\/index.php?rest_route=\/wp\/v2\/users\/2"}],"replies":[{"embeddable":true,"href":"https:\/\/www.judith-von-radetzky.de\/index.php?rest_route=%2Fwp%2Fv2%2Fcomments&post=1508"}],"version-history":[{"count":22,"href":"https:\/\/www.judith-von-radetzky.de\/index.php?rest_route=\/wp\/v2\/pages\/1508\/revisions"}],"predecessor-version":[{"id":1779,"href":"https:\/\/www.judith-von-radetzky.de\/index.php?rest_route=\/wp\/v2\/pages\/1508\/revisions\/1779"}],"wp:attachment":[{"href":"https:\/\/www.judith-von-radetzky.de\/index.php?rest_route=%2Fwp%2Fv2%2Fmedia&parent=1508"}],"curies":[{"name":"wp","href":"https:\/\/api.w.org\/{rel}","templated":true}]}}